{"id":1770,"date":"2019-07-19T14:00:58","date_gmt":"2019-07-19T14:00:58","guid":{"rendered":"https:\/\/canadadayparcex.ca\/benevole\/"},"modified":"2019-07-19T14:18:29","modified_gmt":"2019-07-19T14:18:29","slug":"benevole","status":"publish","type":"page","link":"https:\/\/canadadayparcex.ca\/fr\/benevole\/","title":{"rendered":"B\u00e9n\u00e9vole"},"content":{"rendered":"\t\t<div data-elementor-type=\"wp-post\" data-elementor-id=\"1770\" class=\"elementor elementor-1770 elementor-937\">\n\t\t\t\t\t\t<section class=\"elementor-section elementor-top-section elementor-element elementor-element-9966f10 elementor-section-full_width elementor-section-height-min-height elementor-section-items-bottom elementor-section-height-default\" data-id=\"9966f10\" data-element_type=\"section\" data-e-type=\"section\" data-settings=\"{&quot;background_background&quot;:&quot;classic&quot;}\">\n\t\t\t\t\t\t\t<div class=\"elementor-background-overlay\"><\/div>\n\t\t\t\t\t\t\t<div class=\"elementor-container elementor-column-gap-no\">\n\t\t\t\t\t<div class=\"elementor-column elementor-col-100 elementor-top-column elementor-element elementor-element-7df17762\" data-id=\"7df17762\" data-element_type=\"column\" data-e-type=\"column\">\n\t\t\t<div class=\"elementor-widget-wrap elementor-element-populated\">\n\t\t\t\t\t\t<div class=\"elementor-element elementor-element-3e950276 animated-slow elementor-invisible elementor-widget elementor-widget-heading\" data-id=\"3e950276\" data-element_type=\"widget\" data-e-type=\"widget\" data-settings=\"{&quot;_animation&quot;:&quot;fadeInUp&quot;}\" data-widget_type=\"heading.default\">\n\t\t\t\t<div class=\"elementor-widget-container\">\n\t\t\t\t\t<h2 class=\"elementor-heading-title elementor-size-large\">LES POSSIBILIT\u00c9S DE B\u00c9N\u00c9VOLAT<\/h2>\t\t\t\t<\/div>\n\t\t\t\t<\/div>\n\t\t\t\t<div class=\"elementor-element elementor-element-65f40695 elementor-widget-divider--view-line elementor-widget elementor-widget-divider\" data-id=\"65f40695\" data-element_type=\"widget\" data-e-type=\"widget\" data-widget_type=\"divider.default\">\n\t\t\t\t<div class=\"elementor-widget-container\">\n\t\t\t\t\t\t\t<div class=\"elementor-divider\">\n\t\t\t<span class=\"elementor-divider-separator\">\n\t\t\t\t\t\t<\/span>\n\t\t<\/div>\n\t\t\t\t\t\t<\/div>\n\t\t\t\t<\/div>\n\t\t\t\t<div class=\"elementor-element elementor-element-7ab1c2d9 elementor-widget elementor-widget-text-editor\" data-id=\"7ab1c2d9\" data-element_type=\"widget\" data-e-type=\"widget\" data-widget_type=\"text-editor.default\">\n\t\t\t\t<div class=\"elementor-widget-container\">\n\t\t\t\t\t\t\t\t\t<p>C\u00e9l\u00e9bration de la f\u00eate du Canada &#8211; Parc-Ex fonctionne exclusivement au b\u00e9n\u00e9volat!<\/p>\n\t\t\t\t\t\t\t\t<\/div>\n\t\t\t\t<\/div>\n\t\t\t\t\t<\/div>\n\t\t<\/div>\n\t\t\t\t\t<\/div>\n\t\t<\/section>\n\t\t\t\t<section class=\"elementor-section elementor-top-section elementor-element elementor-element-5a3aa2c2 elementor-section-boxed elementor-section-height-default elementor-section-height-default\" data-id=\"5a3aa2c2\" data-element_type=\"section\" data-e-type=\"section\">\n\t\t\t\t\t\t<div class=\"elementor-container elementor-column-gap-default\">\n\t\t\t\t\t<div class=\"elementor-column elementor-col-50 elementor-top-column elementor-element elementor-element-71316b26\" data-id=\"71316b26\" data-element_type=\"column\" data-e-type=\"column\">\n\t\t\t<div class=\"elementor-widget-wrap elementor-element-populated\">\n\t\t\t\t\t\t<div class=\"elementor-element elementor-element-f5343ea elementor-widget elementor-widget-text-editor\" data-id=\"f5343ea\" data-element_type=\"widget\" data-e-type=\"widget\" data-widget_type=\"text-editor.default\">\n\t\t\t\t<div class=\"elementor-widget-container\">\n\t\t\t\t\t\t\t\t\t<p>Nous recherchons des personnes responsables, enthousiastes et dynamiques qui veulent venir profiter de la f\u00eate du Canada en aidant et en s&rsquo;impliquant dans la communaut\u00e9. Des volontaires sont n\u00e9cessaires pour aider avant, pendant et apr\u00e8s l&rsquo;\u00e9v\u00e9nement. Plus pr\u00e9cis\u00e9ment, nous avons besoin de:<\/p>\n<p><strong>Pr\u00e9-\u00e9v\u00e9nement du 30 juin:<\/strong><\/p>\n<ul>\n<li>Configuration de l&rsquo;\u00e9v\u00e9nement &#8211; 14h \u00e0 18h<\/li>\n<\/ul>\n<p><strong>\u00c0 la f\u00eate du Canada, le 1er juillet:<\/strong><\/p>\n<ul>\n<li>Adultes pour barbecue, maquillage pour le visage, tatouage, activit\u00e9s pour les enfants, surveillance d&rsquo;enfants, sc\u00e8ne, soutien (la surveillance des enfants sera effectu\u00e9e par des agents de s\u00e9curit\u00e9) &#8211; de 11h \u00e0 22h<\/li>\n<li>Configuration de l&rsquo;\u00e9v\u00e9nement &#8211; 9h \u00e0 11h<\/li>\n<li>Configuration et activit\u00e9s de la Zone Enfants &#8211; 11h \u00e0 16h<\/li>\n<li>Tente d&rsquo;information &#8211; 9h \u00e0 22h<\/li>\n<li>Contr\u00f4le de la circulation &#8211; 9h \u00e0 22h<\/li>\n<li>D\u00e9chets et recyclage &#8211; 11h \u00e0 22h<\/li>\n<\/ul>\n<p><strong>Apr\u00e8s l&rsquo;\u00e9v\u00e9nement, du 1er au 3 juillet<\/strong>:<\/p>\n<ul>\n<li>D\u00e9clenchement et nettoyage de l&rsquo;\u00e9v\u00e9nement &#8211; 22h \u00e0 12h<\/li>\n<li>D\u00e9montage de la tente &#8211; 23h \u00e0 12h<\/li>\n<li>D\u00e9clenchement de l&rsquo;\u00e9v\u00e9nement et nettoyage final<\/li>\n<li>2 juillet, 9h jusqu&rsquo;\u00e0 la fin<\/li>\n<\/ul>\n<p>Pouvez-vous aider? S&rsquo;il vous pla\u00eet contactez-nous si vous pouvez \u00e9conomiser une heure ou plus.<\/p>\n<p>\u00c9tudiants &#8211; Faites du b\u00e9n\u00e9volat et obtenez vos heures de b\u00e9n\u00e9volat!<\/p>\n<p>Pour plus d&rsquo;informations ou pour devenir b\u00e9n\u00e9vole, veuillez nous envoyer un courriel \u00e0 <a href=\"mailto:info@canadadayparcex.ca\">info@canadadayparcex.ca<\/a> OU Remplissez le formulaire suivant: <a href=\"https:\/\/canadadayparcex.ca\/\">https:\/\/canadadayparcex.ca\/<\/a>volunteer<\/p>\n\t\t\t\t\t\t\t\t<\/div>\n\t\t\t\t<\/div>\n\t\t\t\t<div class=\"elementor-element elementor-element-7023788 elementor-widget elementor-widget-shortcode\" data-id=\"7023788\" data-element_type=\"widget\" data-e-type=\"widget\" data-widget_type=\"shortcode.default\">\n\t\t\t\t<div class=\"elementor-widget-container\">\n\t\t\t\t\t\t\t<div class=\"elementor-shortcode\">\t\t\t<link rel=\"stylesheet\" property=\"stylesheet\" href=\"https:\/\/canadadayparcex.ca\/wp-content\/plugins\/happyforms\/bundles\/css\/frontend.css\" \/>\n\t\t\t\t<!-- HappyForms CSS variables -->\n\t<style>\n\t#happyforms-1778 {\n\t\t--happyforms-part-title-font-size: 16px;\n--happyforms-part-description-font-size: 14px;\n--happyforms-part-value-font-size: 16px;\n--happyforms-submit-button-font-size: 14px;\n--happyforms-color-primary: #000000;\n--happyforms-color-success-notice: #ebf9f0;\n--happyforms-color-success-notice-text: #1eb452;\n--happyforms-color-error: #ff4200;\n--happyforms-color-error-notice: #ffeae5;\n--happyforms-color-error-notice-text: #ff4200;\n--happyforms-color-part-title: #000000;\n--happyforms-color-part-value: #000000;\n--happyforms-color-part-placeholder: #888888;\n--happyforms-color-part-description: #454545;\n--happyforms-color-part-border: #dbdbdb;\n--happyforms-color-part-border-focus: #407fff;\n--happyforms-color-part-background: #ffffff;\n--happyforms-color-part-background-focus: #ffffff;\n--happyforms-color-submit-background: #407fff;\n--happyforms-color-submit-background-hover: #3567cc;\n--happyforms-color-submit-border: transparent;\n--happyforms-color-submit-text: #ffffff;\n--happyforms-color-submit-text-hover: #ffffff;\n--happyforms-color-table-row-odd: #fcfcfc;\n--happyforms-color-table-row-even: #efefef;\n--happyforms-color-table-row-odd-text: #000000;\n--happyforms-color-table-row-even-text: #000000;\n--happyforms-color-dropdown-item-bg: #ffffff;\n--happyforms-color-dropdown-item-text: #000000;\n--happyforms-color-dropdown-item-bg-hover: #dbdbdb;\n--happyforms-color-dropdown-item-text-hover: #000000;\n--happyforms-color-divider-hr: #cccccc;\n--happyforms-color-choice-checkmark-bg: #ffffff;\n--happyforms-color-choice-checkmark-bg-focus: #000000;\n--happyforms-color-choice-checkmark-color: #ffffff;\n\t}\n\t<\/style>\n\t<!-- End of HappyForms CSS variables -->\n\t\t<!-- HappyForms Additional CSS -->\n\t<style data-happyforms-additional-css>\n\t\t<\/style>\n\t<!-- End of HappyForms Additional CSS -->\n\t\t\t<link rel=\"stylesheet\" type=\"text\/css\" href=\"https:\/\/canadadayparcex.ca\/wp-content\/plugins\/happyforms\/core\/assets\/css\/no-interaction.css\">\n\t\t<div class=\"happyforms-form happyforms-styles 0 happyforms-form--submit-button-border-radius-pill happyforms-form--submit-button-padding-narrow\" id=\"happyforms-1778\">\n\t\t\n\t<form action=\"\" id=\"happyforms-form-1778\" method=\"post\" novalidate=\"true\" autocomplete=\"off\">\n\t\t\t\t<input type=\"hidden\" name=\"happyforms_random_seed\" value=\"935039794\" \/>\n\t\t\n\t\t\t<input type=\"hidden\" name=\"action\" value=\"happyforms_message\">\n\t\t\t\t<input type=\"hidden\" name=\"client_referer\" value=\"\">\n\t\t\t\t<input type=\"hidden\" name=\"current_post_id\" value=\"\">\n\t\t\t\t<input type=\"hidden\" name=\"happyforms_form_id\" value=\"1778\" \/>\n\t\t\t\t<input type=\"hidden\" name=\"happyforms_step\" value=\"0\" \/>\n\t\n\t\t<div class=\"happyforms-flex\">\n\t\t\t\t<label for=\"1778-number\" class=\"screen-reader-text\">Leave this field blank<\/label>\n\t<input type=\"text\" id=\"1778-number\" name=\"1778-number\" style=\"display: none;\" tabindex=\"-1\" autocomplete=\"off\" aria-hidden=\"true\">\n\t\t\t\t\t\t\t\t\t\t<div class=\"happyforms-form__part happyforms-part happyforms-part--single_line_text happyforms-part--width-third happyforms-part--label-as_placeholder\" id=\"happyforms-1778_single_line_text_1-part\" data-happyforms-type=\"single_line_text\" data-happyforms-id=\"single_line_text_1\" data-happyforms-required=\"\">\n\t<div class=\"happyforms-part-wrap\">\n\t\t\n\t\t\n\t\t\n\t\t<div class=\"happyforms-part__el\">\n\t\t\t\n\t\t\t\n\t\t\t<div class=\"happyforms-input\">\n\t\t\t\t\n\t\t\t\t<input id=\"happyforms-1778_single_line_text_1\" type=\"text\" name=\"1778_single_line_text_1\" value=\"\" placeholder=\"\" autocomplete=\"off\" spellcheck=\"false\"  autocorrect=\"off\" \/>\n\t\t\t\t\t\t\t\t\t\t<div class=\"happyforms-part__label-container\">\n\t\t\t\t<label for=\"happyforms-1778_single_line_text_1\" class=\"happyforms-part__label\">\n\t\t\t<span class=\"label\">Pr\u00e9nom<\/span>\n\t\t\t\t\t\t\t\t\t\t<span class=\"happyforms-required\"><\/span>\n\t\t\t\t\t\t\t\t\t\t<span class=\"happyforms-optional\">(facultatif)<\/span>\n\t\t\t\t\t<\/label>\n\t\t\t<\/div>\n\t\t\t\t\t\t\t\t<\/div>\n\n\t\t\t\n\t\t\t\n\t\t\t\t\t<\/div>\n\t<\/div>\n<\/div>\n<div class=\"happyforms-part--with-autocomplete happyforms-form__part happyforms-part happyforms-part--email happyforms-part--width-third happyforms-part--label-as_placeholder\" id=\"happyforms-1778_email_2-part\" data-happyforms-type=\"email\" data-happyforms-id=\"email_2\">\n\t\t<div class=\"happyforms-part-wrap\">\n\t\t\n\t\t\n\t\t<div class=\"happyforms-part__el\">\n\t\t\t\n\t\t\t\n\t\t\t<div class=\"happyforms-input\">\n\t\t\t\t<input type=\"email\" name=\"1778_email_2\" id=\"happyforms-1778_email_2\" value=\"\" placeholder=\"\" autocomplete=\"off\" spellcheck=\"false\"  autocorrect=\"off\" \/>\n\t\t\t\t\t\t\t\t\t\t<div class=\"happyforms-part__label-container\">\n\t\t\t\t<label for=\"happyforms-1778_email_2\" class=\"happyforms-part__label\">\n\t\t\t<span class=\"label\">Email<\/span>\n\t\t\t\t\t\t\t\t\t\t<span class=\"happyforms-required\"><\/span>\n\t\t\t\t\t\t\t\t\t\t<span class=\"happyforms-optional\">(facultatif)<\/span>\n\t\t\t\t\t<\/label>\n\t\t\t<\/div>\n\t\t\t\t\t\t\t\t<\/div>\n\n\t\t\t\n\t\t\t\n\t\t\t\t\t<\/div>\n\t<\/div>\n<\/div>\n\t\t\t\t\t\t<div class=\"happyforms-form__part happyforms-part happyforms-part--submit\">\n\t\t<button type=\"submit\" class=\"happyforms-submit happyforms-button--submit \">Soumettre<\/button>\n\t<\/div>\t\t<\/div>\n\n\t\t\t<\/form>\n\n\t<\/div>\n<\/div>\n\t\t\t\t\t\t<\/div>\n\t\t\t\t<\/div>\n\t\t\t\t\t<\/div>\n\t\t<\/div>\n\t\t\t\t<div class=\"elementor-column elementor-col-50 elementor-top-column elementor-element elementor-element-2eed5d84\" data-id=\"2eed5d84\" data-element_type=\"column\" data-e-type=\"column\">\n\t\t\t<div class=\"elementor-widget-wrap elementor-element-populated\">\n\t\t\t\t\t\t<div class=\"elementor-element elementor-element-20d5ffa1 elementor-view-default elementor-position-block-start elementor-mobile-position-block-start elementor-widget elementor-widget-icon-box\" data-id=\"20d5ffa1\" data-element_type=\"widget\" data-e-type=\"widget\" data-widget_type=\"icon-box.default\">\n\t\t\t\t<div class=\"elementor-widget-container\">\n\t\t\t\t\t\t\t<div class=\"elementor-icon-box-wrapper\">\n\n\t\t\t\t\t\t<div class=\"elementor-icon-box-icon\">\n\t\t\t\t<span  class=\"elementor-icon\">\n\t\t\t\t<i class=\"fa fa-envelope-o\" aria-hidden=\"true\"><\/i>\t\t\t\t<\/span>\n\t\t\t<\/div>\n\t\t\t\n\t\t\t\t\t\t<div class=\"elementor-icon-box-content\">\n\n\t\t\t\t\t\t\t\t\t<h3 class=\"elementor-icon-box-title\">\n\t\t\t\t\t\t<span  >\n\t\t\t\t\t\t\tBesoin d'aide?\t\t\t\t\t\t<\/span>\n\t\t\t\t\t<\/h3>\n\t\t\t\t\n\t\t\t\t\t\t\t\t\t<p class=\"elementor-icon-box-description\">\n\t\t\t\t\t\tEn ligne: Le moyen le plus simple de nous joindre \u00e0 l'occasion de la f\u00eate du Canada est sur Instagram @canadadaypx ou sur notre page Facebook @parcexcanadaday.\r\nSur place: passez \u00e0 la tente Info juste \u00e0 c\u00f4t\u00e9 de la sc\u00e8ne principale ou surveillez le port de l'un de ces t-shirts.\t\t\t\t\t<\/p>\n\t\t\t\t\n\t\t\t<\/div>\n\t\t\t\n\t\t<\/div>\n\t\t\t\t\t\t<\/div>\n\t\t\t\t<\/div>\n\t\t\t\t<div class=\"elementor-element elementor-element-21ef9325 elementor-widget elementor-widget-heading\" data-id=\"21ef9325\" data-element_type=\"widget\" data-e-type=\"widget\" data-widget_type=\"heading.default\">\n\t\t\t\t<div class=\"elementor-widget-container\">\n\t\t\t\t\t<p class=\"elementor-heading-title elementor-size-large\">info@canadadayparcex.ca<\/p>\t\t\t\t<\/div>\n\t\t\t\t<\/div>\n\t\t\t\t<div class=\"elementor-element elementor-element-0f76578 elementor-widget elementor-widget-image\" data-id=\"0f76578\" data-element_type=\"widget\" data-e-type=\"widget\" data-widget_type=\"image.default\">\n\t\t\t\t<div class=\"elementor-widget-container\">\n\t\t\t\t\t\t\t\t\t\t\t\t\t\t\t<img fetchpriority=\"high\" decoding=\"async\" width=\"750\" height=\"393\" src=\"https:\/\/canadadayparcex.ca\/wp-content\/uploads\/2019\/07\/Photo-4.jpg\" class=\"attachment-large size-large wp-image-1528\" alt=\"\" srcset=\"https:\/\/canadadayparcex.ca\/wp-content\/uploads\/2019\/07\/Photo-4.jpg 750w, https:\/\/canadadayparcex.ca\/wp-content\/uploads\/2019\/07\/Photo-4-300x157.jpg 300w\" sizes=\"(max-width: 750px) 100vw, 750px\" \/>\t\t\t\t\t\t\t\t\t\t\t\t\t\t\t<\/div>\n\t\t\t\t<\/div>\n\t\t\t\t<div class=\"elementor-element elementor-element-fbb6776 elementor-widget elementor-widget-image\" data-id=\"fbb6776\" data-element_type=\"widget\" data-e-type=\"widget\" data-widget_type=\"image.default\">\n\t\t\t\t<div class=\"elementor-widget-container\">\n\t\t\t\t\t\t\t\t\t\t\t\t\t\t\t<img decoding=\"async\" width=\"1024\" height=\"560\" src=\"https:\/\/canadadayparcex.ca\/wp-content\/uploads\/2019\/07\/Pic-340-1024x560.jpg\" class=\"attachment-large size-large wp-image-1772\" alt=\"\" srcset=\"https:\/\/canadadayparcex.ca\/wp-content\/uploads\/2019\/07\/Pic-340-1024x560.jpg 1024w, https:\/\/canadadayparcex.ca\/wp-content\/uploads\/2019\/07\/Pic-340-300x164.jpg 300w, https:\/\/canadadayparcex.ca\/wp-content\/uploads\/2019\/07\/Pic-340-768x420.jpg 768w, https:\/\/canadadayparcex.ca\/wp-content\/uploads\/2019\/07\/Pic-340.jpg 1280w\" sizes=\"(max-width: 1024px) 100vw, 1024px\" \/>\t\t\t\t\t\t\t\t\t\t\t\t\t\t\t<\/div>\n\t\t\t\t<\/div>\n\t\t\t\t<div class=\"elementor-element elementor-element-1ff0ad2 elementor-widget elementor-widget-image\" data-id=\"1ff0ad2\" data-element_type=\"widget\" data-e-type=\"widget\" data-widget_type=\"image.default\">\n\t\t\t\t<div class=\"elementor-widget-container\">\n\t\t\t\t\t\t\t\t\t\t\t\t\t\t\t<img decoding=\"async\" width=\"750\" height=\"506\" src=\"https:\/\/canadadayparcex.ca\/wp-content\/uploads\/2019\/07\/Photo-6.jpg\" class=\"attachment-large size-large wp-image-1526\" alt=\"\" srcset=\"https:\/\/canadadayparcex.ca\/wp-content\/uploads\/2019\/07\/Photo-6.jpg 750w, https:\/\/canadadayparcex.ca\/wp-content\/uploads\/2019\/07\/Photo-6-300x202.jpg 300w\" sizes=\"(max-width: 750px) 100vw, 750px\" \/>\t\t\t\t\t\t\t\t\t\t\t\t\t\t\t<\/div>\n\t\t\t\t<\/div>\n\t\t\t\t\t<\/div>\n\t\t<\/div>\n\t\t\t\t\t<\/div>\n\t\t<\/section>\n\t\t\t\t<section class=\"elementor-section elementor-top-section elementor-element elementor-element-2d81c9f elementor-section-boxed elementor-section-height-default elementor-section-height-default\" data-id=\"2d81c9f\" data-element_type=\"section\" data-e-type=\"section\">\n\t\t\t\t\t\t<div class=\"elementor-container elementor-column-gap-default\">\n\t\t\t\t\t<div class=\"elementor-column elementor-col-100 elementor-top-column elementor-element elementor-element-0381b28\" data-id=\"0381b28\" data-element_type=\"column\" data-e-type=\"column\">\n\t\t\t<div class=\"elementor-widget-wrap elementor-element-populated\">\n\t\t\t\t\t\t<div class=\"elementor-element elementor-element-1e42de6 elementor-shape-circle elementor-grid-0 e-grid-align-center elementor-widget elementor-widget-social-icons\" data-id=\"1e42de6\" data-element_type=\"widget\" data-e-type=\"widget\" data-widget_type=\"social-icons.default\">\n\t\t\t\t<div class=\"elementor-widget-container\">\n\t\t\t\t\t\t\t<div class=\"elementor-social-icons-wrapper elementor-grid\" role=\"list\">\n\t\t\t\t\t\t\t<span class=\"elementor-grid-item\" role=\"listitem\">\n\t\t\t\t\t<a class=\"elementor-icon elementor-social-icon elementor-social-icon-facebook elementor-repeater-item-adb8d79\" href=\"https:\/\/www.facebook.com\/parcexcanadaday\/\" target=\"_blank\">\n\t\t\t\t\t\t<span class=\"elementor-screen-only\">Facebook<\/span>\n\t\t\t\t\t\t\t\t\t\t\t\t\t<i class=\"fa fa-facebook\" aria-hidden=\"true\"><\/i>\n\t\t\t\t\t\t\t\t\t\t\t<\/a>\n\t\t\t\t<\/span>\n\t\t\t\t\t\t\t<span class=\"elementor-grid-item\" role=\"listitem\">\n\t\t\t\t\t<a class=\"elementor-icon elementor-social-icon elementor-social-icon-instagram elementor-repeater-item-9245a85\" href=\"https:\/\/www.instagram.com\/canadadaypx\/\" target=\"_blank\">\n\t\t\t\t\t\t<span class=\"elementor-screen-only\">Instagram<\/span>\n\t\t\t\t\t\t\t\t\t\t\t\t\t<i class=\"fa fa-instagram\" aria-hidden=\"true\"><\/i>\n\t\t\t\t\t\t\t\t\t\t\t<\/a>\n\t\t\t\t<\/span>\n\t\t\t\t\t\t\t<span class=\"elementor-grid-item\" role=\"listitem\">\n\t\t\t\t\t<a class=\"elementor-icon elementor-social-icon elementor-social-icon-youtube elementor-repeater-item-46cc9c3\" href=\"https:\/\/www.youtube.com\/channel\/UCUK8SfIXgIDESkVbSwpfj6w\" target=\"_blank\">\n\t\t\t\t\t\t<span class=\"elementor-screen-only\">Youtube<\/span>\n\t\t\t\t\t\t\t\t\t\t\t\t\t<i class=\"fa fa-youtube\" aria-hidden=\"true\"><\/i>\n\t\t\t\t\t\t\t\t\t\t\t<\/a>\n\t\t\t\t<\/span>\n\t\t\t\t\t<\/div>\n\t\t\t\t\t\t<\/div>\n\t\t\t\t<\/div>\n\t\t\t\t\t<\/div>\n\t\t<\/div>\n\t\t\t\t\t<\/div>\n\t\t<\/section>\n\t\t\t\t<\/div>\n\t\t","protected":false},"excerpt":{"rendered":"<p>LES POSSIBILIT\u00c9S DE B\u00c9N\u00c9VOLAT C\u00e9l\u00e9bration de la f\u00eate du Canada &#8211; Parc-Ex fonctionne exclusivement au b\u00e9n\u00e9volat! Nous recherchons des personnes responsables, enthousiastes et dynamiques qui veulent venir profiter de la f\u00eate du Canada en aidant et en s&rsquo;impliquant dans la communaut\u00e9. Des volontaires sont n\u00e9cessaires pour aider avant, pendant et apr\u00e8s l&rsquo;\u00e9v\u00e9nement. Plus pr\u00e9cis\u00e9ment, nous &hellip;<\/p>\n<p class=\"read-more\"> <a class=\"\" href=\"https:\/\/canadadayparcex.ca\/fr\/benevole\/\"> <span class=\"screen-reader-text\">B\u00e9n\u00e9vole<\/span> Lire la suite\u00a0\u00bb<\/a><\/p>\n","protected":false},"author":1,"featured_media":0,"parent":0,"menu_order":0,"comment_status":"closed","ping_status":"closed","template":"","meta":{"_uag_custom_page_level_css":"","footnotes":""},"class_list":["post-1770","page","type-page","status-publish","hentry"],"uagb_featured_image_src":{"full":false,"thumbnail":false,"medium":false,"medium_large":false,"large":false,"1536x1536":false,"2048x2048":false},"uagb_author_info":{"display_name":"nbcc","author_link":"https:\/\/canadadayparcex.ca\/fr\/author\/nbcc\/"},"uagb_comment_info":0,"uagb_excerpt":"LES POSSIBILIT\u00c9S DE B\u00c9N\u00c9VOLAT C\u00e9l\u00e9bration de la f\u00eate du Canada &#8211; Parc-Ex fonctionne exclusivement au b\u00e9n\u00e9volat! Nous recherchons des personnes responsables, enthousiastes et dynamiques qui veulent venir profiter de la f\u00eate du Canada en aidant et en s&rsquo;impliquant dans la communaut\u00e9. Des volontaires sont n\u00e9cessaires pour aider avant, pendant et apr\u00e8s l&rsquo;\u00e9v\u00e9nement. Plus pr\u00e9cis\u00e9ment, nous\u2026","_links":{"self":[{"href":"https:\/\/canadadayparcex.ca\/fr\/wp-json\/wp\/v2\/pages\/1770","targetHints":{"allow":["GET"]}}],"collection":[{"href":"https:\/\/canadadayparcex.ca\/fr\/wp-json\/wp\/v2\/pages"}],"about":[{"href":"https:\/\/canadadayparcex.ca\/fr\/wp-json\/wp\/v2\/types\/page"}],"author":[{"embeddable":true,"href":"https:\/\/canadadayparcex.ca\/fr\/wp-json\/wp\/v2\/users\/1"}],"replies":[{"embeddable":true,"href":"https:\/\/canadadayparcex.ca\/fr\/wp-json\/wp\/v2\/comments?post=1770"}],"version-history":[{"count":3,"href":"https:\/\/canadadayparcex.ca\/fr\/wp-json\/wp\/v2\/pages\/1770\/revisions"}],"predecessor-version":[{"id":1779,"href":"https:\/\/canadadayparcex.ca\/fr\/wp-json\/wp\/v2\/pages\/1770\/revisions\/1779"}],"wp:attachment":[{"href":"https:\/\/canadadayparcex.ca\/fr\/wp-json\/wp\/v2\/media?parent=1770"}],"curies":[{"name":"wp","href":"https:\/\/api.w.org\/{rel}","templated":true}]}}