{"id":1903,"date":"2019-07-19T16:12:50","date_gmt":"2019-07-19T16:12:50","guid":{"rendered":"https:\/\/canadadayparcex.ca\/lhistoire\/"},"modified":"2019-07-19T16:25:15","modified_gmt":"2019-07-19T16:25:15","slug":"lhistoire","status":"publish","type":"page","link":"https:\/\/canadadayparcex.ca\/fr\/lhistoire\/","title":{"rendered":"L&rsquo;histoire"},"content":{"rendered":"\t\t<div data-elementor-type=\"wp-post\" data-elementor-id=\"1903\" class=\"elementor elementor-1903 elementor-438\">\n\t\t\t\t\t\t<section class=\"elementor-section elementor-top-section elementor-element elementor-element-2a06ee83 elementor-section-height-min-height elementor-section-items-bottom elementor-section-boxed elementor-section-height-default\" data-id=\"2a06ee83\" data-element_type=\"section\" data-e-type=\"section\" data-settings=\"{&quot;background_background&quot;:&quot;classic&quot;}\">\n\t\t\t\t\t\t\t<div class=\"elementor-background-overlay\"><\/div>\n\t\t\t\t\t\t\t<div class=\"elementor-container elementor-column-gap-no\">\n\t\t\t\t\t<div class=\"elementor-column elementor-col-100 elementor-top-column elementor-element elementor-element-8847483\" data-id=\"8847483\" data-element_type=\"column\" data-e-type=\"column\">\n\t\t\t<div class=\"elementor-widget-wrap elementor-element-populated\">\n\t\t\t\t\t\t<div class=\"elementor-element elementor-element-124a6bcb animated-slow elementor-invisible elementor-widget elementor-widget-heading\" data-id=\"124a6bcb\" data-element_type=\"widget\" data-e-type=\"widget\" data-settings=\"{&quot;_animation&quot;:&quot;fadeInLeft&quot;}\" data-widget_type=\"heading.default\">\n\t\t\t\t<div class=\"elementor-widget-container\">\n\t\t\t\t\t<h2 class=\"elementor-heading-title elementor-size-default\">L'HISTOIRE DE LA JOURN\u00c9E DU CANADA<\/h2>\t\t\t\t<\/div>\n\t\t\t\t<\/div>\n\t\t\t\t\t<\/div>\n\t\t<\/div>\n\t\t\t\t\t<\/div>\n\t\t<\/section>\n\t\t\t\t<section class=\"elementor-section elementor-top-section elementor-element elementor-element-36fd7929 elementor-section-content-middle elementor-section-boxed elementor-section-height-default elementor-section-height-default\" data-id=\"36fd7929\" data-element_type=\"section\" data-e-type=\"section\">\n\t\t\t\t\t\t<div class=\"elementor-container elementor-column-gap-no\">\n\t\t\t\t\t<div class=\"elementor-column elementor-col-50 elementor-top-column elementor-element elementor-element-3de73459\" data-id=\"3de73459\" data-element_type=\"column\" data-e-type=\"column\">\n\t\t\t<div class=\"elementor-widget-wrap elementor-element-populated\">\n\t\t\t\t\t\t<div class=\"elementor-element elementor-element-6df5d8fa elementor-widget-divider--view-line elementor-widget elementor-widget-divider\" data-id=\"6df5d8fa\" data-element_type=\"widget\" data-e-type=\"widget\" data-widget_type=\"divider.default\">\n\t\t\t\t<div class=\"elementor-widget-container\">\n\t\t\t\t\t\t\t<div class=\"elementor-divider\">\n\t\t\t<span class=\"elementor-divider-separator\">\n\t\t\t\t\t\t<\/span>\n\t\t<\/div>\n\t\t\t\t\t\t<\/div>\n\t\t\t\t<\/div>\n\t\t\t\t\t<\/div>\n\t\t<\/div>\n\t\t\t\t<div class=\"elementor-column elementor-col-50 elementor-top-column elementor-element elementor-element-45a84c62\" data-id=\"45a84c62\" data-element_type=\"column\" data-e-type=\"column\">\n\t\t\t<div class=\"elementor-widget-wrap elementor-element-populated\">\n\t\t\t\t\t\t<div class=\"elementor-element elementor-element-31f6387a animated-slow elementor-invisible elementor-widget elementor-widget-heading\" data-id=\"31f6387a\" data-element_type=\"widget\" data-e-type=\"widget\" data-settings=\"{&quot;_animation&quot;:&quot;fadeInLeft&quot;}\" data-widget_type=\"heading.default\">\n\t\t\t\t<div class=\"elementor-widget-container\">\n\t\t\t\t\t<h4 class=\"elementor-heading-title elementor-size-default\">D\u00e9buts Modestes<\/h4>\t\t\t\t<\/div>\n\t\t\t\t<\/div>\n\t\t\t\t<div class=\"elementor-element elementor-element-5e51311b elementor-widget elementor-widget-text-editor\" data-id=\"5e51311b\" data-element_type=\"widget\" data-e-type=\"widget\" data-widget_type=\"text-editor.default\">\n\t\t\t\t<div class=\"elementor-widget-container\">\n\t\t\t\t\t\t\t\t\t<p>Le 1er juillet comm\u00e9more la cr\u00e9ation de la f\u00e9d\u00e9ration canadienne par l&rsquo;Acte de l&rsquo;Am\u00e9rique du Nord, entr\u00e9 en vigueur le 1er juillet 1867. D\u00e8s l&rsquo;ann\u00e9e suivante, une proclamation a encourag\u00e9 les habitants de ce jeune pays \u00e0 f\u00eater ensemble son anniversaire.<\/p>\n<p>Cependant, ce n\u2019est pas avant le 50e anniversaire de la F\u00e9d\u00e9ration en 1917 que l\u2019Histoire conserve de v\u00e9ritables traces de c\u00e9r\u00e9monies officielles. \u00c0 cette occasion, le palais du Parlement \u00e0 Ottawa \u00e9tait d\u00e9di\u00e9 aux P\u00e8res de la F\u00e9d\u00e9ration et au courage des Canadiens combattant en Europe pendant la Premi\u00e8re Guerre mondiale (1914-1918).<\/p>\n<p>En 1927, \u00e0 l&rsquo;occasion du 60e anniversaire de la F\u00e9d\u00e9ration, d&rsquo;autres c\u00e9r\u00e9monies officielles ont marqu\u00e9 la f\u00eate du Canada. C&rsquo;est \u00e0 cette occasion que des dignitaires ont pos\u00e9 la pierre angulaire sur l&rsquo;\u00e9difice de la F\u00e9d\u00e9ration situ\u00e9 sur la rue Wellington et ont ensuite inaugur\u00e9 la Tour de la Paix \u00e0 Ottawa.<\/p>\n\t\t\t\t\t\t\t\t<\/div>\n\t\t\t\t<\/div>\n\t\t\t\t\t<\/div>\n\t\t<\/div>\n\t\t\t\t\t<\/div>\n\t\t<\/section>\n\t\t\t\t<section class=\"elementor-section elementor-top-section elementor-element elementor-element-f2ddb52 elementor-section-content-middle elementor-section-boxed elementor-section-height-default elementor-section-height-default\" data-id=\"f2ddb52\" data-element_type=\"section\" data-e-type=\"section\">\n\t\t\t\t\t\t<div class=\"elementor-container elementor-column-gap-no\">\n\t\t\t\t\t<div class=\"elementor-column elementor-col-50 elementor-top-column elementor-element elementor-element-e271359\" data-id=\"e271359\" data-element_type=\"column\" data-e-type=\"column\">\n\t\t\t<div class=\"elementor-widget-wrap elementor-element-populated\">\n\t\t\t\t\t\t<div class=\"elementor-element elementor-element-eba249f elementor-widget-divider--view-line elementor-widget elementor-widget-divider\" data-id=\"eba249f\" data-element_type=\"widget\" data-e-type=\"widget\" data-widget_type=\"divider.default\">\n\t\t\t\t<div class=\"elementor-widget-container\">\n\t\t\t\t\t\t\t<div class=\"elementor-divider\">\n\t\t\t<span class=\"elementor-divider-separator\">\n\t\t\t\t\t\t<\/span>\n\t\t<\/div>\n\t\t\t\t\t\t<\/div>\n\t\t\t\t<\/div>\n\t\t\t\t\t<\/div>\n\t\t<\/div>\n\t\t\t\t<div class=\"elementor-column elementor-col-50 elementor-top-column elementor-element elementor-element-cccb638\" data-id=\"cccb638\" data-element_type=\"column\" data-e-type=\"column\">\n\t\t\t<div class=\"elementor-widget-wrap elementor-element-populated\">\n\t\t\t\t\t\t<div class=\"elementor-element elementor-element-fda63d5 animated-slow elementor-invisible elementor-widget elementor-widget-heading\" data-id=\"fda63d5\" data-element_type=\"widget\" data-e-type=\"widget\" data-settings=\"{&quot;_animation&quot;:&quot;fadeInRight&quot;}\" data-widget_type=\"heading.default\">\n\t\t\t\t<div class=\"elementor-widget-container\">\n\t\t\t\t\t<h4 class=\"elementor-heading-title elementor-size-default\">LE CENTENAIRE DE LA FEDERATION<\/h4>\t\t\t\t<\/div>\n\t\t\t\t<\/div>\n\t\t\t\t<div class=\"elementor-element elementor-element-bf17d9b elementor-widget elementor-widget-text-editor\" data-id=\"bf17d9b\" data-element_type=\"widget\" data-e-type=\"widget\" data-widget_type=\"text-editor.default\">\n\t\t\t\t<div class=\"elementor-widget-container\">\n\t\t\t\t\t\t\t\t\t<p>\u00c0 partir de 1958, le gouvernement canadien organise des festivit\u00e9s pour marquer l&rsquo;anniversaire national du Canada. Parmi ses \u00e9v\u00e9nements, citons le salut du drapeau dans l&rsquo;apr\u00e8s-midi sur la colline du Parlement, une c\u00e9r\u00e9monie officielle le soir suivie d&rsquo;un concert militaire musical et d&rsquo;un feu d&rsquo;artifice.<\/p>\n<p>En 1967, lors de la c\u00e9l\u00e9bration du centenaire de la F\u00e9d\u00e9ration, de nombreux \u00e9v\u00e9nements sp\u00e9ciaux ont marqu\u00e9 la f\u00eate du Canada. Sa Majest\u00e9 la reine Elizabeth II a particip\u00e9 aux c\u00e9l\u00e9brations officielles et la colline du Parlement a servi de toile de fond \u00e0 une c\u00e9r\u00e9monie \u00e0 grande \u00e9chelle. Depuis ce jour, ann\u00e9e apr\u00e8s ann\u00e9e, un spectacle impressionnant est pr\u00e9sent\u00e9 sur la colline du Parlement.<\/p>\n<p>Ce concert est diffus\u00e9 \u00e0 travers le pays, d&rsquo;un oc\u00e9an \u00e0 l&rsquo;autre. Jusqu&rsquo;en 1975, les principales festivit\u00e9s se d\u00e9roulaient \u00e0 Ottawa et dans la r\u00e9gion de la capitale nationale. Durant tout le mois de juillet, la f\u00eate du Canada comprenait de nombreux \u00e9v\u00e9nements culturels, artistiques et sportifs.<\/p>\n\t\t\t\t\t\t\t\t<\/div>\n\t\t\t\t<\/div>\n\t\t\t\t\t<\/div>\n\t\t<\/div>\n\t\t\t\t\t<\/div>\n\t\t<\/section>\n\t\t\t\t<section class=\"elementor-section elementor-top-section elementor-element elementor-element-5f93d15 elementor-section-content-middle elementor-section-boxed elementor-section-height-default elementor-section-height-default\" data-id=\"5f93d15\" data-element_type=\"section\" data-e-type=\"section\">\n\t\t\t\t\t\t<div class=\"elementor-container elementor-column-gap-no\">\n\t\t\t\t\t<div class=\"elementor-column elementor-col-50 elementor-top-column elementor-element elementor-element-1601d00\" data-id=\"1601d00\" data-element_type=\"column\" data-e-type=\"column\">\n\t\t\t<div class=\"elementor-widget-wrap elementor-element-populated\">\n\t\t\t\t\t\t<div class=\"elementor-element elementor-element-abd2c1c elementor-widget-divider--view-line elementor-widget elementor-widget-divider\" data-id=\"abd2c1c\" data-element_type=\"widget\" data-e-type=\"widget\" data-widget_type=\"divider.default\">\n\t\t\t\t<div class=\"elementor-widget-container\">\n\t\t\t\t\t\t\t<div class=\"elementor-divider\">\n\t\t\t<span class=\"elementor-divider-separator\">\n\t\t\t\t\t\t<\/span>\n\t\t<\/div>\n\t\t\t\t\t\t<\/div>\n\t\t\t\t<\/div>\n\t\t\t\t\t<\/div>\n\t\t<\/div>\n\t\t\t\t<div class=\"elementor-column elementor-col-50 elementor-top-column elementor-element elementor-element-dc8100c\" data-id=\"dc8100c\" data-element_type=\"column\" data-e-type=\"column\">\n\t\t\t<div class=\"elementor-widget-wrap elementor-element-populated\">\n\t\t\t\t\t\t<div class=\"elementor-element elementor-element-ed30d3a animated-slow elementor-invisible elementor-widget elementor-widget-heading\" data-id=\"ed30d3a\" data-element_type=\"widget\" data-e-type=\"widget\" data-settings=\"{&quot;_animation&quot;:&quot;fadeInUp&quot;}\" data-widget_type=\"heading.default\">\n\t\t\t\t<div class=\"elementor-widget-container\">\n\t\t\t\t\t<h4 class=\"elementor-heading-title elementor-size-default\">LA F\u00caTE DU CANADA<\/h4>\t\t\t\t<\/div>\n\t\t\t\t<\/div>\n\t\t\t\t<div class=\"elementor-element elementor-element-dda17ba elementor-widget elementor-widget-text-editor\" data-id=\"dda17ba\" data-element_type=\"widget\" data-e-type=\"widget\" data-widget_type=\"text-editor.default\">\n\t\t\t\t<div class=\"elementor-widget-container\">\n\t\t\t\t\t\t\t\t\t<p>\u00c0 partir de 1980, le gouvernement f\u00e9d\u00e9ral chargea un groupe de planifier les c\u00e9l\u00e9brations de la f\u00eate du Canada. Il a commenc\u00e9 \u00e0 encourager et \u00e0 soutenir financi\u00e8rement le lancement de f\u00eates locales \u00e0 travers le Canada.<\/p>\n<p>Le 27 octobre 1982, les festivit\u00e9s marquant le 1er juillet &#8211; jusque-l\u00e0 connues sous le nom de f\u00eate du Dominion &#8211; devinrent officiellement la f\u00eate du Canada. Des activit\u00e9s populaires et des spectacles amateurs ont \u00e9t\u00e9 organis\u00e9s par des groupes de volontaires dans des centaines de lieux dans tout le pays et des feux d&rsquo;artifice ont illumin\u00e9 le ciel nocturne de 15 grandes villes du pays.<\/p>\n<p>Aujourd&rsquo;hui, la f\u00eate du Canada est un \u00e9v\u00e9nement c\u00e9l\u00e9br\u00e9 par des millions de Canadiens d&rsquo;un oc\u00e9an \u00e0 l&rsquo;autre.<\/p>\n\t\t\t\t\t\t\t\t<\/div>\n\t\t\t\t<\/div>\n\t\t\t\t\t<\/div>\n\t\t<\/div>\n\t\t\t\t\t<\/div>\n\t\t<\/section>\n\t\t\t\t<section class=\"elementor-section elementor-top-section elementor-element elementor-element-51dfae6 elementor-section-boxed elementor-section-height-default elementor-section-height-default\" data-id=\"51dfae6\" data-element_type=\"section\" data-e-type=\"section\">\n\t\t\t\t\t\t<div class=\"elementor-container elementor-column-gap-default\">\n\t\t\t\t\t<div class=\"elementor-column elementor-col-100 elementor-top-column elementor-element elementor-element-d2721b2\" data-id=\"d2721b2\" data-element_type=\"column\" data-e-type=\"column\">\n\t\t\t<div class=\"elementor-widget-wrap elementor-element-populated\">\n\t\t\t\t\t\t<div class=\"elementor-element elementor-element-9e62743 elementor-shape-circle elementor-grid-0 e-grid-align-center elementor-widget elementor-widget-social-icons\" data-id=\"9e62743\" data-element_type=\"widget\" data-e-type=\"widget\" data-widget_type=\"social-icons.default\">\n\t\t\t\t<div class=\"elementor-widget-container\">\n\t\t\t\t\t\t\t<div class=\"elementor-social-icons-wrapper elementor-grid\" role=\"list\">\n\t\t\t\t\t\t\t<span class=\"elementor-grid-item\" role=\"listitem\">\n\t\t\t\t\t<a class=\"elementor-icon elementor-social-icon elementor-social-icon-facebook elementor-repeater-item-adb8d79\" href=\"https:\/\/www.facebook.com\/parcexcanadaday\/\" target=\"_blank\">\n\t\t\t\t\t\t<span class=\"elementor-screen-only\">Facebook<\/span>\n\t\t\t\t\t\t\t\t\t\t\t\t\t<i class=\"fa fa-facebook\" aria-hidden=\"true\"><\/i>\n\t\t\t\t\t\t\t\t\t\t\t<\/a>\n\t\t\t\t<\/span>\n\t\t\t\t\t\t\t<span class=\"elementor-grid-item\" role=\"listitem\">\n\t\t\t\t\t<a class=\"elementor-icon elementor-social-icon elementor-social-icon-instagram elementor-repeater-item-9245a85\" href=\"https:\/\/www.instagram.com\/canadadaypx\/\" target=\"_blank\">\n\t\t\t\t\t\t<span class=\"elementor-screen-only\">Instagram<\/span>\n\t\t\t\t\t\t\t\t\t\t\t\t\t<i class=\"fa fa-instagram\" aria-hidden=\"true\"><\/i>\n\t\t\t\t\t\t\t\t\t\t\t<\/a>\n\t\t\t\t<\/span>\n\t\t\t\t\t\t\t<span class=\"elementor-grid-item\" role=\"listitem\">\n\t\t\t\t\t<a class=\"elementor-icon elementor-social-icon elementor-social-icon-youtube elementor-repeater-item-46cc9c3\" href=\"https:\/\/www.youtube.com\/channel\/UCUK8SfIXgIDESkVbSwpfj6w\" target=\"_blank\">\n\t\t\t\t\t\t<span class=\"elementor-screen-only\">Youtube<\/span>\n\t\t\t\t\t\t\t\t\t\t\t\t\t<i class=\"fa fa-youtube\" aria-hidden=\"true\"><\/i>\n\t\t\t\t\t\t\t\t\t\t\t<\/a>\n\t\t\t\t<\/span>\n\t\t\t\t\t<\/div>\n\t\t\t\t\t\t<\/div>\n\t\t\t\t<\/div>\n\t\t\t\t\t<\/div>\n\t\t<\/div>\n\t\t\t\t\t<\/div>\n\t\t<\/section>\n\t\t\t\t<\/div>\n\t\t","protected":false},"excerpt":{"rendered":"<p>L&rsquo;HISTOIRE DE LA JOURN\u00c9E DU CANADA D\u00e9buts Modestes Le 1er juillet comm\u00e9more la cr\u00e9ation de la f\u00e9d\u00e9ration canadienne par l&rsquo;Acte de l&rsquo;Am\u00e9rique du Nord, entr\u00e9 en vigueur le 1er juillet 1867. D\u00e8s l&rsquo;ann\u00e9e suivante, une proclamation a encourag\u00e9 les habitants de ce jeune pays \u00e0 f\u00eater ensemble son anniversaire. Cependant, ce n\u2019est pas avant le &hellip;<\/p>\n<p class=\"read-more\"> <a class=\"\" href=\"https:\/\/canadadayparcex.ca\/fr\/lhistoire\/\"> <span class=\"screen-reader-text\">L&rsquo;histoire<\/span> Lire la suite\u00a0\u00bb<\/a><\/p>\n","protected":false},"author":1,"featured_media":0,"parent":0,"menu_order":0,"comment_status":"closed","ping_status":"closed","template":"","meta":{"_uag_custom_page_level_css":"","footnotes":""},"class_list":["post-1903","page","type-page","status-publish","hentry"],"uagb_featured_image_src":{"full":false,"thumbnail":false,"medium":false,"medium_large":false,"large":false,"1536x1536":false,"2048x2048":false},"uagb_author_info":{"display_name":"nbcc","author_link":"https:\/\/canadadayparcex.ca\/fr\/author\/nbcc\/"},"uagb_comment_info":0,"uagb_excerpt":"L&rsquo;HISTOIRE DE LA JOURN\u00c9E DU CANADA D\u00e9buts Modestes Le 1er juillet comm\u00e9more la cr\u00e9ation de la f\u00e9d\u00e9ration canadienne par l&rsquo;Acte de l&rsquo;Am\u00e9rique du Nord, entr\u00e9 en vigueur le 1er juillet 1867. D\u00e8s l&rsquo;ann\u00e9e suivante, une proclamation a encourag\u00e9 les habitants de ce jeune pays \u00e0 f\u00eater ensemble son anniversaire. Cependant, ce n\u2019est pas avant le\u2026","_links":{"self":[{"href":"https:\/\/canadadayparcex.ca\/fr\/wp-json\/wp\/v2\/pages\/1903","targetHints":{"allow":["GET"]}}],"collection":[{"href":"https:\/\/canadadayparcex.ca\/fr\/wp-json\/wp\/v2\/pages"}],"about":[{"href":"https:\/\/canadadayparcex.ca\/fr\/wp-json\/wp\/v2\/types\/page"}],"author":[{"embeddable":true,"href":"https:\/\/canadadayparcex.ca\/fr\/wp-json\/wp\/v2\/users\/1"}],"replies":[{"embeddable":true,"href":"https:\/\/canadadayparcex.ca\/fr\/wp-json\/wp\/v2\/comments?post=1903"}],"version-history":[{"count":4,"href":"https:\/\/canadadayparcex.ca\/fr\/wp-json\/wp\/v2\/pages\/1903\/revisions"}],"predecessor-version":[{"id":1911,"href":"https:\/\/canadadayparcex.ca\/fr\/wp-json\/wp\/v2\/pages\/1903\/revisions\/1911"}],"wp:attachment":[{"href":"https:\/\/canadadayparcex.ca\/fr\/wp-json\/wp\/v2\/media?parent=1903"}],"curies":[{"name":"wp","href":"https:\/\/api.w.org\/{rel}","templated":true}]}}